{"id":11896,"date":"2025-11-13T16:55:49","date_gmt":"2025-11-13T15:55:49","guid":{"rendered":"https:\/\/tandemgarden.com\/product\/led-scenery-parapente\/"},"modified":"2026-01-10T19:27:05","modified_gmt":"2026-01-10T18:27:05","slug":"led-scenery-parapente","status":"publish","type":"product","link":"https:\/\/tandemgarden.com\/es\/producto\/led-scenery-parapente\/","title":{"rendered":"LED Scenery parapente"},"content":{"rendered":"","protected":false},"excerpt":{"rendered":"<p>Escena de paisaje nevado donde aparece Papa Noel en parapente en movimiento y unos ni\u00f1os tir\u00e1ndose por una bajada de nieve. Funciona con enchufe (incluido).<\/p>\n<p>Tiene una funci\u00f3n: el movimiento y la iluminaci\u00f3n. No emite ruidos ni m\u00fasica.<\/p>\n","protected":false},"featured_media":11891,"template":"","meta":[],"_links":{"self":[{"href":"https:\/\/tandemgarden.com\/es\/wp-json\/wp\/v2\/product\/11896"}],"collection":[{"href":"https:\/\/tandemgarden.com\/es\/wp-json\/wp\/v2\/product"}],"about":[{"href":"https:\/\/tandemgarden.com\/es\/wp-json\/wp\/v2\/types\/product"}],"wp:featuredmedia":[{"embeddable":true,"href":"https:\/\/tandemgarden.com\/es\/wp-json\/wp\/v2\/media\/11891"}],"wp:attachment":[{"href":"https:\/\/tandemgarden.com\/es\/wp-json\/wp\/v2\/media?parent=11896"}],"curies":[{"name":"wp","href":"https:\/\/api.w.org\/{rel}","templated":true}]}}