{"id":11894,"date":"2025-11-13T16:49:29","date_gmt":"2025-11-13T15:49:29","guid":{"rendered":"https:\/\/tandemgarden.com\/product\/led-scenery-bota-papa-noel\/"},"modified":"2026-01-10T19:27:05","modified_gmt":"2026-01-10T18:27:05","slug":"led-scenery-bota-papa-noel","status":"publish","type":"product","link":"https:\/\/tandemgarden.com\/es\/producto\/led-scenery-bota-papa-noel\/","title":{"rendered":"LED Scenery bota Papa Noel"},"content":{"rendered":"","protected":false},"excerpt":{"rendered":"<p>Escena de una bota de donde sale Papa Noel de la puerta, y despu\u00e9s vuelve a irse y se cierra la puerta. Funciona con pilas (3xAA, no incluidas), y tiene entrada para enchufas (enchufe no incluido).<\/p>\n<p>Tiene una funci\u00f3n: el movimiento, con iluminaci\u00f3n y m\u00fasica.<\/p>\n","protected":false},"featured_media":11893,"template":"","meta":[],"_links":{"self":[{"href":"https:\/\/tandemgarden.com\/es\/wp-json\/wp\/v2\/product\/11894"}],"collection":[{"href":"https:\/\/tandemgarden.com\/es\/wp-json\/wp\/v2\/product"}],"about":[{"href":"https:\/\/tandemgarden.com\/es\/wp-json\/wp\/v2\/types\/product"}],"wp:featuredmedia":[{"embeddable":true,"href":"https:\/\/tandemgarden.com\/es\/wp-json\/wp\/v2\/media\/11893"}],"wp:attachment":[{"href":"https:\/\/tandemgarden.com\/es\/wp-json\/wp\/v2\/media?parent=11894"}],"curies":[{"name":"wp","href":"https:\/\/api.w.org\/{rel}","templated":true}]}}