{"id":11880,"date":"2025-11-13T16:35:08","date_gmt":"2025-11-13T15:35:08","guid":{"rendered":"https:\/\/tandemgarden.com\/product\/led-scenery-pista-en-movimiento\/"},"modified":"2026-01-10T19:27:05","modified_gmt":"2026-01-10T18:27:05","slug":"led-scenery-pista-en-movimiento","status":"publish","type":"product","link":"https:\/\/tandemgarden.com\/es\/producto\/led-scenery-pista-en-movimiento\/","title":{"rendered":"LED Scenery pista en movimiento"},"content":{"rendered":"","protected":false},"excerpt":{"rendered":"<p>Escena de estaci\u00f3n de esqu\u00ed con ni\u00f1os que se tiran por la bajada helada. Funciona con pilas (3xAA, no incluidas), y tiene entrada para enchufar (enchufe no incluido).<\/p>\n<p>Tiene una funci\u00f3n: el movimiento y la iluminaci\u00f3n. No emite ruidos ni m\u00fasica.<\/p>\n","protected":false},"featured_media":11879,"template":"","meta":[],"_links":{"self":[{"href":"https:\/\/tandemgarden.com\/es\/wp-json\/wp\/v2\/product\/11880"}],"collection":[{"href":"https:\/\/tandemgarden.com\/es\/wp-json\/wp\/v2\/product"}],"about":[{"href":"https:\/\/tandemgarden.com\/es\/wp-json\/wp\/v2\/types\/product"}],"wp:featuredmedia":[{"embeddable":true,"href":"https:\/\/tandemgarden.com\/es\/wp-json\/wp\/v2\/media\/11879"}],"wp:attachment":[{"href":"https:\/\/tandemgarden.com\/es\/wp-json\/wp\/v2\/media?parent=11880"}],"curies":[{"name":"wp","href":"https:\/\/api.w.org\/{rel}","templated":true}]}}