{"id":11811,"date":"2025-11-13T10:35:53","date_gmt":"2025-11-13T09:35:53","guid":{"rendered":"https:\/\/tandemgarden.com\/product\/colgante-pina-yute\/"},"modified":"2026-01-10T19:27:06","modified_gmt":"2026-01-10T18:27:06","slug":"colgante-pina-yute","status":"publish","type":"product","link":"https:\/\/tandemgarden.com\/es\/producto\/colgante-pina-yute\/","title":{"rendered":"Colgante pi\u00f1a yute"},"content":{"rendered":"","protected":false},"excerpt":{"rendered":"<p>Pi\u00f1a con cuerda de yute para colgar, se puede escoger entre la pi\u00f1a de yute y la de terciopelo.<\/p>\n","protected":false},"featured_media":11793,"template":"","meta":[],"_links":{"self":[{"href":"https:\/\/tandemgarden.com\/es\/wp-json\/wp\/v2\/product\/11811"}],"collection":[{"href":"https:\/\/tandemgarden.com\/es\/wp-json\/wp\/v2\/product"}],"about":[{"href":"https:\/\/tandemgarden.com\/es\/wp-json\/wp\/v2\/types\/product"}],"wp:featuredmedia":[{"embeddable":true,"href":"https:\/\/tandemgarden.com\/es\/wp-json\/wp\/v2\/media\/11793"}],"wp:attachment":[{"href":"https:\/\/tandemgarden.com\/es\/wp-json\/wp\/v2\/media?parent=11811"}],"curies":[{"name":"wp","href":"https:\/\/api.w.org\/{rel}","templated":true}]}}