{"id":1153,"date":"2020-11-15T09:53:53","date_gmt":"2020-11-15T17:26:58","guid":{"rendered":"https:\/\/tandemgarden.com?post_type=product&#038;p=1153"},"modified":"2020-11-15T17:26:58","modified_gmt":"2020-11-15T17:26:58","slug":"buho-espantapajaros","status":"publish","type":"product","link":"https:\/\/tandemgarden.com\/es\/producto\/buho-espantapajaros\/","title":{"rendered":"B\u00faho espantap\u00e1jaros"},"content":{"rendered":"","protected":false},"excerpt":{"rendered":"<p>B\u00faho que aleja las aves de forma natural de los \u00e1rboles, huertos y vi\u00f1edos. No necesita pilas, la cabeza gira con el movimiento del viento y la base se puede llenar con arena o grava para aportar m\u00e1s estabilidad o se puede retirar para fijar el b\u00faho donde convenga.<\/p>\n<p>41x16x16 cm<\/p>\n","protected":false},"featured_media":2612,"template":"","meta":[],"_links":{"self":[{"href":"https:\/\/tandemgarden.com\/es\/wp-json\/wp\/v2\/product\/1153"}],"collection":[{"href":"https:\/\/tandemgarden.com\/es\/wp-json\/wp\/v2\/product"}],"about":[{"href":"https:\/\/tandemgarden.com\/es\/wp-json\/wp\/v2\/types\/product"}],"wp:featuredmedia":[{"embeddable":true,"href":"https:\/\/tandemgarden.com\/es\/wp-json\/wp\/v2\/media\/2612"}],"wp:attachment":[{"href":"https:\/\/tandemgarden.com\/es\/wp-json\/wp\/v2\/media?parent=1153"}],"curies":[{"name":"wp","href":"https:\/\/api.w.org\/{rel}","templated":true}]}}