{"id":1135,"date":"2020-11-15T09:41:07","date_gmt":"2020-11-15T09:41:07","guid":{"rendered":"https:\/\/tandemgarden.com\/product\/bokashi\/"},"modified":"2026-03-21T15:15:55","modified_gmt":"2026-03-21T14:15:55","slug":"bokashi","status":"publish","type":"product","link":"https:\/\/tandemgarden.com\/es\/producto\/bokashi\/","title":{"rendered":"Bokashi"},"content":{"rendered":"","protected":false},"excerpt":{"rendered":"<p>Humus de algas org\u00e1nicas y naturales compuestas de algas agarofitas y comunidades microbiol\u00f3gicas. Mejora el crecimiento, el enraizamiento, la floraci\u00f3n, la germinaci\u00f3n y la formaci\u00f3n de fruto, adem\u00e1s de mejorar tambi\u00e9n la capacidad inmunol\u00f3gica de las plantas.<\/p>\n","protected":false},"featured_media":2269,"template":"","meta":[],"_links":{"self":[{"href":"https:\/\/tandemgarden.com\/es\/wp-json\/wp\/v2\/product\/1135"}],"collection":[{"href":"https:\/\/tandemgarden.com\/es\/wp-json\/wp\/v2\/product"}],"about":[{"href":"https:\/\/tandemgarden.com\/es\/wp-json\/wp\/v2\/types\/product"}],"wp:featuredmedia":[{"embeddable":true,"href":"https:\/\/tandemgarden.com\/es\/wp-json\/wp\/v2\/media\/2269"}],"wp:attachment":[{"href":"https:\/\/tandemgarden.com\/es\/wp-json\/wp\/v2\/media?parent=1135"}],"curies":[{"name":"wp","href":"https:\/\/api.w.org\/{rel}","templated":true}]}}