{"id":1129,"date":"2020-11-15T09:38:18","date_gmt":"2020-11-15T09:38:18","guid":{"rendered":"https:\/\/tandemgarden.com\/product\/akadama\/"},"modified":"2023-05-02T11:23:51","modified_gmt":"2023-05-02T10:23:51","slug":"akadama","status":"publish","type":"product","link":"https:\/\/tandemgarden.com\/es\/producto\/akadama\/","title":{"rendered":"Akadama 14L"},"content":{"rendered":"","protected":false},"excerpt":{"rendered":"<p>El Akadama es un sustrato muy poroso formado por una arcilla roja-marr\u00f3n de origen volc\u00e1nico que se encuentra en Jap\u00f3n y se utiliza como sustrato de cultivo neutro para el crecimiento del bonsai.<\/p>\n","protected":false},"featured_media":6568,"template":"","meta":[],"_links":{"self":[{"href":"https:\/\/tandemgarden.com\/es\/wp-json\/wp\/v2\/product\/1129"}],"collection":[{"href":"https:\/\/tandemgarden.com\/es\/wp-json\/wp\/v2\/product"}],"about":[{"href":"https:\/\/tandemgarden.com\/es\/wp-json\/wp\/v2\/types\/product"}],"wp:featuredmedia":[{"embeddable":true,"href":"https:\/\/tandemgarden.com\/es\/wp-json\/wp\/v2\/media\/6568"}],"wp:attachment":[{"href":"https:\/\/tandemgarden.com\/es\/wp-json\/wp\/v2\/media?parent=1129"}],"curies":[{"name":"wp","href":"https:\/\/api.w.org\/{rel}","templated":true}]}}