{"id":1123,"date":"2020-11-15T09:35:44","date_gmt":"2020-11-15T09:35:44","guid":{"rendered":"https:\/\/tandemgarden.com\/product\/volcanica\/"},"modified":"2022-10-11T21:48:55","modified_gmt":"2022-10-11T20:48:55","slug":"volcanica","status":"publish","type":"product","link":"https:\/\/tandemgarden.com\/es\/producto\/volcanica\/","title":{"rendered":"Volcanica"},"content":{"rendered":"","protected":false},"excerpt":{"rendered":"<p>La piedra volc\u00e1nica se utiliza como elemento decorativo y al mismo tiempo ayuda a reducir el consumo de agua, evita la aparici\u00f3n y crecimiento de malas hierbas y ayuda a alargar la vida a tu jard\u00edn. Utilizable tanto en el interior como exterior. En caso de uso como drenaje recomendamos poner 1\/3 del fondo de la maceta con arcilla, y como elemento decorativo, una capa de 2-3 cm en la superficie. pH 7<\/p>\n","protected":false},"featured_media":2364,"template":"","meta":[],"_links":{"self":[{"href":"https:\/\/tandemgarden.com\/es\/wp-json\/wp\/v2\/product\/1123"}],"collection":[{"href":"https:\/\/tandemgarden.com\/es\/wp-json\/wp\/v2\/product"}],"about":[{"href":"https:\/\/tandemgarden.com\/es\/wp-json\/wp\/v2\/types\/product"}],"wp:featuredmedia":[{"embeddable":true,"href":"https:\/\/tandemgarden.com\/es\/wp-json\/wp\/v2\/media\/2364"}],"wp:attachment":[{"href":"https:\/\/tandemgarden.com\/es\/wp-json\/wp\/v2\/media?parent=1123"}],"curies":[{"name":"wp","href":"https:\/\/api.w.org\/{rel}","templated":true}]}}