{"id":11202,"date":"2025-05-17T18:02:59","date_gmt":"2025-05-17T17:02:59","guid":{"rendered":"https:\/\/tandemgarden.com\/product\/vela-cereria-molla\/"},"modified":"2025-05-17T18:02:59","modified_gmt":"2025-05-17T17:02:59","slug":"vela-cereria-molla","status":"publish","type":"product","link":"https:\/\/tandemgarden.com\/es\/producto\/vela-cereria-molla\/","title":{"rendered":"Vela Cerer\u00eda Moll\u00e1"},"content":{"rendered":"","protected":false},"excerpt":{"rendered":"<p>Vela arom\u00e1tica de 230 gr<\/p>\n<p>Duraci\u00f3n: 50 horas<\/p>\n","protected":false},"featured_media":11201,"template":"","meta":[],"_links":{"self":[{"href":"https:\/\/tandemgarden.com\/es\/wp-json\/wp\/v2\/product\/11202"}],"collection":[{"href":"https:\/\/tandemgarden.com\/es\/wp-json\/wp\/v2\/product"}],"about":[{"href":"https:\/\/tandemgarden.com\/es\/wp-json\/wp\/v2\/types\/product"}],"wp:featuredmedia":[{"embeddable":true,"href":"https:\/\/tandemgarden.com\/es\/wp-json\/wp\/v2\/media\/11201"}],"wp:attachment":[{"href":"https:\/\/tandemgarden.com\/es\/wp-json\/wp\/v2\/media?parent=11202"}],"curies":[{"name":"wp","href":"https:\/\/api.w.org\/{rel}","templated":true}]}}