{"id":11043,"date":"2025-04-29T15:43:18","date_gmt":"2025-04-29T14:43:18","guid":{"rendered":"https:\/\/tandemgarden.com\/product\/orquidea-miltoniopsis\/"},"modified":"2025-04-29T15:43:18","modified_gmt":"2025-04-29T14:43:18","slug":"orquidea-miltoniopsis","status":"publish","type":"product","link":"https:\/\/tandemgarden.com\/es\/producto\/orquidea-miltoniopsis\/","title":{"rendered":"Orqu\u00eddea miltoniopsis"},"content":{"rendered":"","protected":false},"excerpt":{"rendered":"<p id=\"tw-target-text\" class=\"tw-data-text tw-text-large tw-ta\" dir=\"ltr\" data-placeholder=\"Traducci\u00f3n\" data-ved=\"2ahUKEwj6-unfsv2MAxWVXUEAHbEHDcgQ3ewLegQICBAV\" aria-label=\"Texto traducido: Esta variedad de orqu\u00eddea es conocida tambi\u00e9n como pensamiento de orqu\u00eddea, por su similitud con las flores del pensamiento. Es una planta de interior y le gusta la humedad en su sustrato.\n\nIdeal para sorprender con esta variedad poco com\u00fan y regalar por el D\u00eda de la Madre, los env\u00edos se realizar\u00e1n exclusivamente el viernes 2 de mayo, la recogida en tienda s\u00ed puede ser el mismo domingo.\n\nIncluye maceta decorativa y envoltura de regalo.\"><span class=\"Y2IQFc\" lang=\"es\">Esta variedad de orqu\u00eddea es conocida tambi\u00e9n como pensamiento de orqu\u00eddea, por su similitud con las flores del pensamiento. Es una planta de interior y le gusta la humedad en su sustrato. <\/span><\/p>\n<p class=\"tw-data-text tw-text-large tw-ta\" dir=\"ltr\" data-placeholder=\"Traducci\u00f3n\" data-ved=\"2ahUKEwj6-unfsv2MAxWVXUEAHbEHDcgQ3ewLegQICBAV\" aria-label=\"Texto traducido: Esta variedad de orqu\u00eddea es conocida tambi\u00e9n como pensamiento de orqu\u00eddea, por su similitud con las flores del pensamiento. Es una planta de interior y le gusta la humedad en su sustrato.\n\nIdeal para sorprender con esta variedad poco com\u00fan y regalar por el D\u00eda de la Madre, los env\u00edos se realizar\u00e1n exclusivamente el viernes 2 de mayo, la recogida en tienda s\u00ed puede ser el mismo domingo.\n\nIncluye maceta decorativa y envoltura de regalo.\"><span class=\"Y2IQFc\" lang=\"es\">Ideal para sorprender con esta variedad poco com\u00fan y regalar por el D\u00eda de la Madre, los env\u00edos se realizar\u00e1n exclusivamente el viernes 2 de mayo, la recogida en tienda s\u00ed puede ser el mismo domingo. <\/span><\/p>\n<p class=\"tw-data-text tw-text-large tw-ta\" dir=\"ltr\" data-placeholder=\"Traducci\u00f3n\" data-ved=\"2ahUKEwj6-unfsv2MAxWVXUEAHbEHDcgQ3ewLegQICBAV\" aria-label=\"Texto traducido: Esta variedad de orqu\u00eddea es conocida tambi\u00e9n como pensamiento de orqu\u00eddea, por su similitud con las flores del pensamiento. Es una planta de interior y le gusta la humedad en su sustrato.\n\nIdeal para sorprender con esta variedad poco com\u00fan y regalar por el D\u00eda de la Madre, los env\u00edos se realizar\u00e1n exclusivamente el viernes 2 de mayo, la recogida en tienda s\u00ed puede ser el mismo domingo.\n\nIncluye maceta decorativa y envoltura de regalo.\"><span class=\"Y2IQFc\" lang=\"es\">Incluye maceta decorativa y envoltura de regalo.<\/span><\/p>\n","protected":false},"featured_media":11024,"template":"","meta":[],"_links":{"self":[{"href":"https:\/\/tandemgarden.com\/es\/wp-json\/wp\/v2\/product\/11043"}],"collection":[{"href":"https:\/\/tandemgarden.com\/es\/wp-json\/wp\/v2\/product"}],"about":[{"href":"https:\/\/tandemgarden.com\/es\/wp-json\/wp\/v2\/types\/product"}],"wp:featuredmedia":[{"embeddable":true,"href":"https:\/\/tandemgarden.com\/es\/wp-json\/wp\/v2\/media\/11024"}],"wp:attachment":[{"href":"https:\/\/tandemgarden.com\/es\/wp-json\/wp\/v2\/media?parent=11043"}],"curies":[{"name":"wp","href":"https:\/\/api.w.org\/{rel}","templated":true}]}}