{"id":10981,"date":"2025-04-29T06:45:14","date_gmt":"2025-04-29T05:45:14","guid":{"rendered":"https:\/\/tandemgarden.com\/product\/composicion-de-orquideas\/"},"modified":"2025-05-13T18:51:45","modified_gmt":"2025-05-13T17:51:45","slug":"composicion-de-orquideas","status":"publish","type":"product","link":"https:\/\/tandemgarden.com\/es\/producto\/composicion-de-orquideas\/","title":{"rendered":"Composici\u00f3n de orqu\u00eddeas"},"content":{"rendered":"","protected":false},"excerpt":{"rendered":"<p>Composici\u00f3n de orqu\u00eddeas con plantas de interior, con base de cer\u00e1mica dorada de 30cm de di\u00e1metro.<\/p>\n<p>Incluye maceta decorativa.<\/p>\n<p>&nbsp;<\/p>\n","protected":false},"featured_media":10980,"template":"","meta":[],"_links":{"self":[{"href":"https:\/\/tandemgarden.com\/es\/wp-json\/wp\/v2\/product\/10981"}],"collection":[{"href":"https:\/\/tandemgarden.com\/es\/wp-json\/wp\/v2\/product"}],"about":[{"href":"https:\/\/tandemgarden.com\/es\/wp-json\/wp\/v2\/types\/product"}],"wp:featuredmedia":[{"embeddable":true,"href":"https:\/\/tandemgarden.com\/es\/wp-json\/wp\/v2\/media\/10980"}],"wp:attachment":[{"href":"https:\/\/tandemgarden.com\/es\/wp-json\/wp\/v2\/media?parent=10981"}],"curies":[{"name":"wp","href":"https:\/\/api.w.org\/{rel}","templated":true}]}}