{"id":1087,"date":"2020-11-15T09:24:28","date_gmt":"2020-11-15T09:24:28","guid":{"rendered":"https:\/\/tandemgarden.com\/product\/humus-de-cuc\/"},"modified":"2023-05-02T10:45:59","modified_gmt":"2023-05-02T09:45:59","slug":"humus-de-cuc","status":"publish","type":"product","link":"https:\/\/tandemgarden.com\/es\/producto\/humus-de-cuc\/","title":{"rendered":"Humus de lombriz"},"content":{"rendered":"","protected":false},"excerpt":{"rendered":"<p>El sustrato de humus de lombriz que aporta una alta riqueza nutritiva en la planta, incentivando la flora bacteriana con lo que se consigue un suelo f\u00e9rtil y m\u00e1s vivo para el r\u00e1pido desarrollo de la planta. Apto para interior y exterior. Es recomendable mezclar la tierra con el humus, en un 20%. pH 7,8.<\/p>\n","protected":false},"featured_media":2326,"template":"","meta":[],"_links":{"self":[{"href":"https:\/\/tandemgarden.com\/es\/wp-json\/wp\/v2\/product\/1087"}],"collection":[{"href":"https:\/\/tandemgarden.com\/es\/wp-json\/wp\/v2\/product"}],"about":[{"href":"https:\/\/tandemgarden.com\/es\/wp-json\/wp\/v2\/types\/product"}],"wp:featuredmedia":[{"embeddable":true,"href":"https:\/\/tandemgarden.com\/es\/wp-json\/wp\/v2\/media\/2326"}],"wp:attachment":[{"href":"https:\/\/tandemgarden.com\/es\/wp-json\/wp\/v2\/media?parent=1087"}],"curies":[{"name":"wp","href":"https:\/\/api.w.org\/{rel}","templated":true}]}}