{"id":1060,"date":"2020-11-15T09:10:21","date_gmt":"2020-11-15T09:10:21","guid":{"rendered":"https:\/\/tandemgarden.com\/product\/sustrato-universal-ecologico\/"},"modified":"2020-11-15T09:10:21","modified_gmt":"2020-11-15T09:10:21","slug":"sustrato-universal-ecologico","status":"publish","type":"product","link":"https:\/\/tandemgarden.com\/es\/producto\/sustrato-universal-ecologico\/","title":{"rendered":"Sustrato universal ecol\u00f3gico"},"content":{"rendered":"","protected":false},"excerpt":{"rendered":"<p>El sustrato universal ecol\u00f3gico est\u00e1 formulado con materias primas de origen ecol\u00f3gico y sin aplicaci\u00f3n de ning\u00fan componente qu\u00edmico, es apto para agricultura ecol\u00f3gica y contiene turba rubia, turba negra, fibra de coco, perlita y humus. pH 7,2.<\/p>\n","protected":false},"featured_media":2346,"template":"","meta":[],"_links":{"self":[{"href":"https:\/\/tandemgarden.com\/es\/wp-json\/wp\/v2\/product\/1060"}],"collection":[{"href":"https:\/\/tandemgarden.com\/es\/wp-json\/wp\/v2\/product"}],"about":[{"href":"https:\/\/tandemgarden.com\/es\/wp-json\/wp\/v2\/types\/product"}],"wp:featuredmedia":[{"embeddable":true,"href":"https:\/\/tandemgarden.com\/es\/wp-json\/wp\/v2\/media\/2346"}],"wp:attachment":[{"href":"https:\/\/tandemgarden.com\/es\/wp-json\/wp\/v2\/media?parent=1060"}],"curies":[{"name":"wp","href":"https:\/\/api.w.org\/{rel}","templated":true}]}}