{"id":10582,"date":"2024-12-05T11:53:10","date_gmt":"2024-12-05T10:53:10","guid":{"rendered":"https:\/\/tandemgarden.com\/?post_type=product&#038;p=10582"},"modified":"2024-12-05T11:56:01","modified_gmt":"2024-12-05T10:56:01","slug":"plato-navideno","status":"publish","type":"product","link":"https:\/\/tandemgarden.com\/es\/producto\/plato-navideno\/","title":{"rendered":"Plato navide\u00f1o"},"content":{"rendered":"","protected":false},"excerpt":{"rendered":"<p>Plato con motivos navide\u00f1os de 20 cm de di\u00e1metro<\/p>\n","protected":false},"featured_media":10584,"template":"","meta":[],"_links":{"self":[{"href":"https:\/\/tandemgarden.com\/es\/wp-json\/wp\/v2\/product\/10582"}],"collection":[{"href":"https:\/\/tandemgarden.com\/es\/wp-json\/wp\/v2\/product"}],"about":[{"href":"https:\/\/tandemgarden.com\/es\/wp-json\/wp\/v2\/types\/product"}],"wp:featuredmedia":[{"embeddable":true,"href":"https:\/\/tandemgarden.com\/es\/wp-json\/wp\/v2\/media\/10584"}],"wp:attachment":[{"href":"https:\/\/tandemgarden.com\/es\/wp-json\/wp\/v2\/media?parent=10582"}],"curies":[{"name":"wp","href":"https:\/\/api.w.org\/{rel}","templated":true}]}}