{"id":1050,"date":"2020-11-15T09:07:07","date_gmt":"2020-11-15T09:07:07","guid":{"rendered":"https:\/\/tandemgarden.com\/product\/recebo-cesped\/"},"modified":"2020-11-15T09:07:07","modified_gmt":"2020-11-15T09:07:07","slug":"recebo-cesped","status":"publish","type":"product","link":"https:\/\/tandemgarden.com\/es\/producto\/recebo-cesped\/","title":{"rendered":"Recebo c\u00e9sped"},"content":{"rendered":"","protected":false},"excerpt":{"rendered":"<p>El recebo para c\u00e9sped est\u00e1 especialmente formulado y desarrollado para aportar el medio de cultivo \u00f3ptimo para el c\u00e9sped. Facilita el drenaje y acelera el crecimiento. Contiene una mezcla de material vegetal compostado, turba rubia, fibra de coco y cristales de cuarzo. pH 7,5<\/p>\n","protected":false},"featured_media":2334,"template":"","meta":[],"_links":{"self":[{"href":"https:\/\/tandemgarden.com\/es\/wp-json\/wp\/v2\/product\/1050"}],"collection":[{"href":"https:\/\/tandemgarden.com\/es\/wp-json\/wp\/v2\/product"}],"about":[{"href":"https:\/\/tandemgarden.com\/es\/wp-json\/wp\/v2\/types\/product"}],"wp:featuredmedia":[{"embeddable":true,"href":"https:\/\/tandemgarden.com\/es\/wp-json\/wp\/v2\/media\/2334"}],"wp:attachment":[{"href":"https:\/\/tandemgarden.com\/es\/wp-json\/wp\/v2\/media?parent=1050"}],"curies":[{"name":"wp","href":"https:\/\/api.w.org\/{rel}","templated":true}]}}