{"id":10469,"date":"2024-11-13T15:54:45","date_gmt":"2024-11-13T14:54:45","guid":{"rendered":"https:\/\/tandemgarden.com\/product\/taller-de-centro-de-navidad\/"},"modified":"2025-11-20T08:19:06","modified_gmt":"2025-11-20T07:19:06","slug":"taller-de-centro-de-navidad","status":"publish","type":"product","link":"https:\/\/tandemgarden.com\/es\/producto\/taller-de-centro-de-navidad\/","title":{"rendered":"Taller de centro de Navidad"},"content":{"rendered":"","protected":false},"excerpt":{"rendered":"<p>Da un toque c\u00e1lido y m\u00e1gico en tu hogar con un centro de Navidad con velas. Utilizaremos hojas verdes de eucalipto, abeto natural, bayas, pi\u00f1as y otros elementos para crear un centro de mesa elegante y acogedor que iluminar\u00e1 tus momentos navide\u00f1os. La longitud aproximada del centro es de 70cm.<\/p>\n<p>El n\u00famero m\u00ednimo de plazas para hacer grupo es de 4 personas y, como m\u00e1ximo, 8.<\/p>\n","protected":false},"featured_media":10468,"template":"","meta":[],"_links":{"self":[{"href":"https:\/\/tandemgarden.com\/es\/wp-json\/wp\/v2\/product\/10469"}],"collection":[{"href":"https:\/\/tandemgarden.com\/es\/wp-json\/wp\/v2\/product"}],"about":[{"href":"https:\/\/tandemgarden.com\/es\/wp-json\/wp\/v2\/types\/product"}],"wp:featuredmedia":[{"embeddable":true,"href":"https:\/\/tandemgarden.com\/es\/wp-json\/wp\/v2\/media\/10468"}],"wp:attachment":[{"href":"https:\/\/tandemgarden.com\/es\/wp-json\/wp\/v2\/media?parent=10469"}],"curies":[{"name":"wp","href":"https:\/\/api.w.org\/{rel}","templated":true}]}}