{"id":10463,"date":"2024-11-13T15:48:14","date_gmt":"2024-11-13T14:48:14","guid":{"rendered":"https:\/\/tandemgarden.com\/product\/taller-de-corona-de-navidad\/"},"modified":"2025-10-27T12:04:21","modified_gmt":"2025-10-27T11:04:21","slug":"taller-de-corona-de-navidad","status":"publish","type":"product","link":"https:\/\/tandemgarden.com\/es\/producto\/taller-de-corona-de-navidad\/","title":{"rendered":"Taller de corona de Navidad"},"content":{"rendered":"","protected":false},"excerpt":{"rendered":"<p>Quieres dar la bienvenida a la Navidad desde la puerta de tu casa con una corona hecha por ti? En este taller, crear\u00e1s una <strong>corona de Navidad personalizada<\/strong> con ramas de pino, eucalipto, cintas y otros elementos cl\u00e1sicos. Te ense\u00f1aremos a combinar materiales y texturas para dare un toque elegante y navide\u00f1o. El di\u00e1metro aproximado de la corona es de 60cm.<\/p>\n<p>El n\u00famero m\u00ednimo de plazas para hacer grupo es de 4 personas y, como m\u00e1ximo, 8.<\/p>\n","protected":false},"featured_media":10462,"template":"","meta":[],"_links":{"self":[{"href":"https:\/\/tandemgarden.com\/es\/wp-json\/wp\/v2\/product\/10463"}],"collection":[{"href":"https:\/\/tandemgarden.com\/es\/wp-json\/wp\/v2\/product"}],"about":[{"href":"https:\/\/tandemgarden.com\/es\/wp-json\/wp\/v2\/types\/product"}],"wp:featuredmedia":[{"embeddable":true,"href":"https:\/\/tandemgarden.com\/es\/wp-json\/wp\/v2\/media\/10462"}],"wp:attachment":[{"href":"https:\/\/tandemgarden.com\/es\/wp-json\/wp\/v2\/media?parent=10463"}],"curies":[{"name":"wp","href":"https:\/\/api.w.org\/{rel}","templated":true}]}}