{"id":1037,"date":"2020-11-15T08:46:16","date_gmt":"2020-11-15T08:46:16","guid":{"rendered":"https:\/\/tandemgarden.com\/product\/sustrato-acido\/"},"modified":"2020-11-15T08:46:16","modified_gmt":"2020-11-15T08:46:16","slug":"sustrato-acido","status":"publish","type":"product","link":"https:\/\/tandemgarden.com\/es\/producto\/sustrato-acido\/","title":{"rendered":"Sustrato \u00e1cido"},"content":{"rendered":"","protected":false},"excerpt":{"rendered":"<p>El sustrato para plantas \u00e1cidas est\u00e1 especialmente pensado para llevar el pH \u00e1cido para las plantas que lo necesitan. Estas son las Hortensias, Gardenias, Azaleas, Camelias, Rododendro, etc. Adem\u00e1s estimula la floraci\u00f3n y contiene turba rubia, fibra de coco, material vegetal compostado y turba negra. pH 5<\/p>\n","protected":false},"featured_media":2336,"template":"","meta":[],"_links":{"self":[{"href":"https:\/\/tandemgarden.com\/es\/wp-json\/wp\/v2\/product\/1037"}],"collection":[{"href":"https:\/\/tandemgarden.com\/es\/wp-json\/wp\/v2\/product"}],"about":[{"href":"https:\/\/tandemgarden.com\/es\/wp-json\/wp\/v2\/types\/product"}],"wp:featuredmedia":[{"embeddable":true,"href":"https:\/\/tandemgarden.com\/es\/wp-json\/wp\/v2\/media\/2336"}],"wp:attachment":[{"href":"https:\/\/tandemgarden.com\/es\/wp-json\/wp\/v2\/media?parent=1037"}],"curies":[{"name":"wp","href":"https:\/\/api.w.org\/{rel}","templated":true}]}}