{"id":1028,"date":"2020-11-15T08:43:28","date_gmt":"2020-11-15T08:43:28","guid":{"rendered":"https:\/\/tandemgarden.com\/product\/sustrato-orquidea\/"},"modified":"2020-11-15T08:43:28","modified_gmt":"2020-11-15T08:43:28","slug":"sustrato-orquidea","status":"publish","type":"product","link":"https:\/\/tandemgarden.com\/es\/producto\/sustrato-orquidea\/","title":{"rendered":"Sustrato orqu\u00eddea"},"content":{"rendered":"","protected":false},"excerpt":{"rendered":"<p>El sustrato especial para orqu\u00eddeas es ideal ya que facilita mucho el drenaje y permite oxigenar las ra\u00edces. Contiene corteza vegetal, turba rubia y perlita. pH 5,5 a 6,5.<\/p>\n","protected":false},"featured_media":2310,"template":"","meta":[],"_links":{"self":[{"href":"https:\/\/tandemgarden.com\/es\/wp-json\/wp\/v2\/product\/1028"}],"collection":[{"href":"https:\/\/tandemgarden.com\/es\/wp-json\/wp\/v2\/product"}],"about":[{"href":"https:\/\/tandemgarden.com\/es\/wp-json\/wp\/v2\/types\/product"}],"wp:featuredmedia":[{"embeddable":true,"href":"https:\/\/tandemgarden.com\/es\/wp-json\/wp\/v2\/media\/2310"}],"wp:attachment":[{"href":"https:\/\/tandemgarden.com\/es\/wp-json\/wp\/v2\/media?parent=1028"}],"curies":[{"name":"wp","href":"https:\/\/api.w.org\/{rel}","templated":true}]}}