{"id":10214,"date":"2023-11-03T12:30:33","date_gmt":"2023-11-03T11:30:33","guid":{"rendered":"https:\/\/tandemgarden.com\/?post_type=product&#038;p=10214"},"modified":"2024-12-05T13:55:36","modified_gmt":"2024-12-05T12:55:36","slug":"led-scenery-trineo","status":"publish","type":"product","link":"https:\/\/tandemgarden.com\/es\/producto\/led-scenery-trineo\/","title":{"rendered":"LED Scenery Trineo"},"content":{"rendered":"","protected":false},"excerpt":{"rendered":"<p>Escena de estaci\u00f3n de esqu\u00ed con trineos de renos que bajan por la pista de esqu\u00ed. Funciona con enchufe.<\/p>\n<p>Tiene dos opciones de funcionamiento: con m\u00fasica, movimiento y luces o con movimiento y luces.<\/p>\n","protected":false},"featured_media":10216,"template":"","meta":[],"_links":{"self":[{"href":"https:\/\/tandemgarden.com\/es\/wp-json\/wp\/v2\/product\/10214"}],"collection":[{"href":"https:\/\/tandemgarden.com\/es\/wp-json\/wp\/v2\/product"}],"about":[{"href":"https:\/\/tandemgarden.com\/es\/wp-json\/wp\/v2\/types\/product"}],"wp:featuredmedia":[{"embeddable":true,"href":"https:\/\/tandemgarden.com\/es\/wp-json\/wp\/v2\/media\/10216"}],"wp:attachment":[{"href":"https:\/\/tandemgarden.com\/es\/wp-json\/wp\/v2\/media?parent=10214"}],"curies":[{"name":"wp","href":"https:\/\/api.w.org\/{rel}","templated":true}]}}