{"id":10210,"date":"2023-11-03T12:27:17","date_gmt":"2023-11-03T11:27:17","guid":{"rendered":"https:\/\/tandemgarden.com\/?post_type=product&#038;p=10210"},"modified":"2024-12-05T13:55:33","modified_gmt":"2024-12-05T12:55:33","slug":"led-scenery-estacion-de-esqui","status":"publish","type":"product","link":"https:\/\/tandemgarden.com\/es\/producto\/led-scenery-estacion-de-esqui\/","title":{"rendered":"LED Scenery Estaci\u00f3n de esqu\u00ed"},"content":{"rendered":"","protected":false},"excerpt":{"rendered":"<p>Escena de estaci\u00f3n de esqu\u00ed con esquiadores que bajan por la pista de esqu\u00ed. Funciona con enchufe.<\/p>\n<p>Tiene dos opciones de funcionamiento: con m\u00fasica, movimiento y luces o con movimiento y luces.<\/p>\n","protected":false},"featured_media":10212,"template":"","meta":[],"_links":{"self":[{"href":"https:\/\/tandemgarden.com\/es\/wp-json\/wp\/v2\/product\/10210"}],"collection":[{"href":"https:\/\/tandemgarden.com\/es\/wp-json\/wp\/v2\/product"}],"about":[{"href":"https:\/\/tandemgarden.com\/es\/wp-json\/wp\/v2\/types\/product"}],"wp:featuredmedia":[{"embeddable":true,"href":"https:\/\/tandemgarden.com\/es\/wp-json\/wp\/v2\/media\/10212"}],"wp:attachment":[{"href":"https:\/\/tandemgarden.com\/es\/wp-json\/wp\/v2\/media?parent=10210"}],"curies":[{"name":"wp","href":"https:\/\/api.w.org\/{rel}","templated":true}]}}