{"id":1018,"date":"2020-11-15T08:40:34","date_gmt":"2020-11-15T08:40:34","guid":{"rendered":"https:\/\/tandemgarden.com\/product\/sustrato-bonsai\/"},"modified":"2020-11-15T08:40:34","modified_gmt":"2020-11-15T08:40:34","slug":"sustrato-bonsai","status":"publish","type":"product","link":"https:\/\/tandemgarden.com\/es\/producto\/sustrato-bonsai\/","title":{"rendered":"Sustrato Bonsai"},"content":{"rendered":"","protected":false},"excerpt":{"rendered":"<p>El sustrato de bonsais es una equilibrada mezcla de turba negra, turba rubia, s\u00edlice y puzolada, adem\u00e1s de un abonado complejo. Su composici\u00f3n presenta un adecuado equilibrio entre la retenci\u00f3n de agua y la aireaci\u00f3n del sustrato. pH 6,2 a 7,8.<\/p>\n","protected":false},"featured_media":2300,"template":"","meta":[],"_links":{"self":[{"href":"https:\/\/tandemgarden.com\/es\/wp-json\/wp\/v2\/product\/1018"}],"collection":[{"href":"https:\/\/tandemgarden.com\/es\/wp-json\/wp\/v2\/product"}],"about":[{"href":"https:\/\/tandemgarden.com\/es\/wp-json\/wp\/v2\/types\/product"}],"wp:featuredmedia":[{"embeddable":true,"href":"https:\/\/tandemgarden.com\/es\/wp-json\/wp\/v2\/media\/2300"}],"wp:attachment":[{"href":"https:\/\/tandemgarden.com\/es\/wp-json\/wp\/v2\/media?parent=1018"}],"curies":[{"name":"wp","href":"https:\/\/api.w.org\/{rel}","templated":true}]}}