{"id":10126,"date":"2023-10-31T12:30:56","date_gmt":"2023-10-31T11:30:56","guid":{"rendered":"https:\/\/tandemgarden.com\/?post_type=product&#038;p=10126"},"modified":"2024-12-05T14:56:42","modified_gmt":"2024-12-05T13:56:42","slug":"estrella-de-neon-led","status":"publish","type":"product","link":"https:\/\/tandemgarden.com\/es\/producto\/estrella-de-neon-led\/","title":{"rendered":"Estrella de ne\u00f3n LED"},"content":{"rendered":"","protected":false},"excerpt":{"rendered":"<p>Estrella de ne\u00f3n con 96 luces LED, de color blanco c\u00e1lido, y de 27 cm de di\u00e1metro<\/p>\n<p>Funciona con 3 pilas AA<\/p>\n","protected":false},"featured_media":10128,"template":"","meta":[],"_links":{"self":[{"href":"https:\/\/tandemgarden.com\/es\/wp-json\/wp\/v2\/product\/10126"}],"collection":[{"href":"https:\/\/tandemgarden.com\/es\/wp-json\/wp\/v2\/product"}],"about":[{"href":"https:\/\/tandemgarden.com\/es\/wp-json\/wp\/v2\/types\/product"}],"wp:featuredmedia":[{"embeddable":true,"href":"https:\/\/tandemgarden.com\/es\/wp-json\/wp\/v2\/media\/10128"}],"wp:attachment":[{"href":"https:\/\/tandemgarden.com\/es\/wp-json\/wp\/v2\/media?parent=10126"}],"curies":[{"name":"wp","href":"https:\/\/api.w.org\/{rel}","templated":true}]}}