{"id":10119,"date":"2023-10-31T12:18:25","date_gmt":"2023-10-31T11:18:26","guid":{"rendered":"https:\/\/tandemgarden.com\/?post_type=product&#038;p=10119"},"modified":"2024-12-05T14:56:46","modified_gmt":"2024-12-05T13:56:46","slug":"corazon-de-neon-led","status":"publish","type":"product","link":"https:\/\/tandemgarden.com\/es\/producto\/corazon-de-neon-led\/","title":{"rendered":"Coraz\u00f3n de ne\u00f3n LED"},"content":{"rendered":"","protected":false},"excerpt":{"rendered":"<p>Coraz\u00f3n de ne\u00f3n con 77 luces LED, de color blanco c\u00e1lido, y de 27 cm de di\u00e1metro<\/p>\n<p>Funciona con 3 pilas AA<\/p>\n","protected":false},"featured_media":10122,"template":"","meta":[],"_links":{"self":[{"href":"https:\/\/tandemgarden.com\/es\/wp-json\/wp\/v2\/product\/10119"}],"collection":[{"href":"https:\/\/tandemgarden.com\/es\/wp-json\/wp\/v2\/product"}],"about":[{"href":"https:\/\/tandemgarden.com\/es\/wp-json\/wp\/v2\/types\/product"}],"wp:featuredmedia":[{"embeddable":true,"href":"https:\/\/tandemgarden.com\/es\/wp-json\/wp\/v2\/media\/10122"}],"wp:attachment":[{"href":"https:\/\/tandemgarden.com\/es\/wp-json\/wp\/v2\/media?parent=10119"}],"curies":[{"name":"wp","href":"https:\/\/api.w.org\/{rel}","templated":true}]}}