{"id":10107,"date":"2023-10-31T12:07:45","date_gmt":"2023-10-31T11:07:45","guid":{"rendered":"https:\/\/tandemgarden.com\/?post_type=product&#038;p=10107"},"modified":"2024-12-05T14:56:04","modified_gmt":"2024-12-05T13:56:04","slug":"muneco-de-nieve-led","status":"publish","type":"product","link":"https:\/\/tandemgarden.com\/es\/producto\/muneco-de-nieve-led\/","title":{"rendered":"Mu\u00f1eco de nieve LED"},"content":{"rendered":"","protected":false},"excerpt":{"rendered":"<p>Mu\u00f1eco de nieve acr\u00edlico con 40 luces LED. Apto para interior o exterior y funciona con 3 pilas AA (no incluidas).<\/p>\n","protected":false},"featured_media":10113,"template":"","meta":[],"_links":{"self":[{"href":"https:\/\/tandemgarden.com\/es\/wp-json\/wp\/v2\/product\/10107"}],"collection":[{"href":"https:\/\/tandemgarden.com\/es\/wp-json\/wp\/v2\/product"}],"about":[{"href":"https:\/\/tandemgarden.com\/es\/wp-json\/wp\/v2\/types\/product"}],"wp:featuredmedia":[{"embeddable":true,"href":"https:\/\/tandemgarden.com\/es\/wp-json\/wp\/v2\/media\/10113"}],"wp:attachment":[{"href":"https:\/\/tandemgarden.com\/es\/wp-json\/wp\/v2\/media?parent=10107"}],"curies":[{"name":"wp","href":"https:\/\/api.w.org\/{rel}","templated":true}]}}