{"id":10057,"date":"2023-10-31T11:27:45","date_gmt":"2023-10-31T10:27:46","guid":{"rendered":"https:\/\/tandemgarden.com\/?post_type=product&#038;p=10057"},"modified":"2024-12-05T13:59:37","modified_gmt":"2024-12-05T12:59:37","slug":"pajaro-con-plumas","status":"publish","type":"product","link":"https:\/\/tandemgarden.com\/es\/producto\/pajaro-con-plumas\/","title":{"rendered":"P\u00e1jaro con plumas"},"content":{"rendered":"","protected":false},"excerpt":{"rendered":"<p>P\u00e1jaro de color vino con plumas, con clip detr\u00e1s para facilitar colgarlo en el \u00c1rbol de Navidad, de 23 cm de largo.<\/p>\n","protected":false},"featured_media":10059,"template":"","meta":[],"_links":{"self":[{"href":"https:\/\/tandemgarden.com\/es\/wp-json\/wp\/v2\/product\/10057"}],"collection":[{"href":"https:\/\/tandemgarden.com\/es\/wp-json\/wp\/v2\/product"}],"about":[{"href":"https:\/\/tandemgarden.com\/es\/wp-json\/wp\/v2\/types\/product"}],"wp:featuredmedia":[{"embeddable":true,"href":"https:\/\/tandemgarden.com\/es\/wp-json\/wp\/v2\/media\/10059"}],"wp:attachment":[{"href":"https:\/\/tandemgarden.com\/es\/wp-json\/wp\/v2\/media?parent=10057"}],"curies":[{"name":"wp","href":"https:\/\/api.w.org\/{rel}","templated":true}]}}