{"id":10033,"date":"2023-10-31T11:15:25","date_gmt":"2023-10-31T10:15:25","guid":{"rendered":"https:\/\/tandemgarden.com\/?post_type=product&#038;p=10033"},"modified":"2024-12-05T13:59:35","modified_gmt":"2024-12-05T12:59:35","slug":"mariposa","status":"publish","type":"product","link":"https:\/\/tandemgarden.com\/es\/producto\/mariposa\/","title":{"rendered":"Mariposa"},"content":{"rendered":"","protected":false},"excerpt":{"rendered":"<p>Mariposa con brillantes para poner en el \u00c1rbol de Navidad, con clip detr\u00e1s para colgarla f\u00e1cilmente, de color rosa o blanco.<\/p>\n","protected":false},"featured_media":10039,"template":"","meta":[],"_links":{"self":[{"href":"https:\/\/tandemgarden.com\/es\/wp-json\/wp\/v2\/product\/10033"}],"collection":[{"href":"https:\/\/tandemgarden.com\/es\/wp-json\/wp\/v2\/product"}],"about":[{"href":"https:\/\/tandemgarden.com\/es\/wp-json\/wp\/v2\/types\/product"}],"wp:featuredmedia":[{"embeddable":true,"href":"https:\/\/tandemgarden.com\/es\/wp-json\/wp\/v2\/media\/10039"}],"wp:attachment":[{"href":"https:\/\/tandemgarden.com\/es\/wp-json\/wp\/v2\/media?parent=10033"}],"curies":[{"name":"wp","href":"https:\/\/api.w.org\/{rel}","templated":true}]}}