{"id":4686,"date":"2020-11-25T09:26:37","date_gmt":"2020-11-25T09:26:37","guid":{"rendered":"https:\/\/tandemgarden.com\/politica-de-cookies\/"},"modified":"2020-11-25T11:16:19","modified_gmt":"2020-11-25T11:16:19","slug":"politica-de-cookies","status":"publish","type":"page","link":"https:\/\/tandemgarden.com\/es\/politica-de-cookies\/","title":{"rendered":"Pol\u00edtica de cookies"},"content":{"rendered":"<h3>INFORMACI\u00d3N SOBRE COOKIES<\/h3>\n<p>Las cookies y otras tecnolog\u00edas similares tales como local shared objects, flash cookies o p\u00edxeles, son herramientas\u00a0empleadas por los servidores Web para almacenar y recuperar informaci\u00f3n acerca de sus visitantes, as\u00ed como para ofrecer\u00a0un correcto funcionamiento del sitio.<\/p>\n<p>Mediante el uso de estos dispositivos se permite al servidor Web recordar algunos datos concernientes al usuario, como\u00a0sus preferencias para la visualizaci\u00f3n de las p\u00e1ginas de ese servidor, nombre y contrase\u00f1a, productos que m\u00e1s le\u00a0interesan, etc.<\/p>\n<h3>COOKIES AFECTADAS POR LA NORMATIVA Y COOKIES EXCEPTUADAS<\/h3>\n<p>Conforme a la \u00abLey de Servicios de la Sociedad de la Informaci\u00f3n\u00bb (LSSICE) establecida por el Real Decreto 13\/2012, es\u00a0de obligaci\u00f3n obtener el consentimiento expreso del usuario de todas las p\u00e1ginas web que usan cookies prescindibles,\u00a0antes de que este navegue por ellas.<\/p>\n<p>Seg\u00fan la directiva de la UE, las cookies que requieren el consentimiento informado por parte del usuario son las cookies de\u00a0anal\u00edtica y las de publicidad y afiliaci\u00f3n, quedando exceptuadas las de car\u00e1cter t\u00e9cnico y las necesarias para el\u00a0funcionamiento del sitio web o la prestaci\u00f3n de servicios expresamente solicitados por el usuario.<\/p>\n<h3>TIPOS DE COOKIES UTILIZADAS EN ESTE SITIO WEB<\/h3>\n<h4>SEG\u00daN LA FINALIDAD<\/h4>\n<p>Cookies <b>t\u00e9cnicas y funcionales<\/b>: son aquellas que permiten al usuario la navegaci\u00f3n a trav\u00e9s de una p\u00e1gina\u00a0web, plataforma o aplicaci\u00f3n y la utilizaci\u00f3n de las diferentes opciones o servicios que en ella existan.<\/p>\n<p>Cookies <b>anal\u00edticas<\/b>: son aquellas que permiten al responsable de las mismas el seguimiento y an\u00e1lisis del\u00a0comportamiento de los usuarios de los sitios web a los que est\u00e1n vinculadas. La informaci\u00f3n recogida mediante\u00a0este tipo de cookies se utiliza en la medici\u00f3n de la actividad de los sitios web, aplicaci\u00f3n o plataforma y para la\u00a0elaboraci\u00f3n de perfiles de navegaci\u00f3n de los usuarios de dichos sitios, aplicaciones y plataformas, con el fin de\u00a0introducir mejoras en funci\u00f3n del an\u00e1lisis de los datos de uso que hacen los usuarios del servicio.<\/p>\n<h4>SEG\u00daN LA PROPIEDAD<\/h4>\n<p>Cookies <b>propias<\/b>: son aquellas que se env\u00edan al equipo terminal del usuario desde un equipo o dominio\u00a0gestionado por el propio editor y desde el que se presta el servicio solicitado por el usuario.<\/p>\n<p>Cookies <b>de terceros: <\/b>son aquellas que se env\u00edan al equipo terminal del usuario desde un equipo o dominio que\u00a0no es gestionado por el editor, sino por otra entidad que trata los datos obtenidos trav\u00e9s de las cookies.<\/p>\n<h4>SEG\u00daN EL PLAZO DE CONSERVACI\u00d3N<\/h4>\n<p>Cookies <b>de sesi\u00f3n: <\/b>son un tipo de cookies dise\u00f1adas para recabar y almacenar datos mientras el usuario\u00a0accede a una p\u00e1gina web.<\/p>\n<p>Cookies <b>persistentes: <\/b>son un tipo de cookies en el que los datos siguen almacenados en el terminal y pueden\u00a0ser accedidos y tratados durante un per\u00edodo definido por el responsable de la cookie , y que puede ir de unos\u00a0minutos a varios a\u00f1os.<\/p>\n<h3>TRATAMIENTO DE DATOS PERSONALES<\/h3>\n<p>CENTRE DE JARDINERIA SABADELL, S.L. es el <b>Responsable del tratamiento <\/b>de los datos personales del <b>Interesado <\/b>y le informa de que\u00a0estos datos ser\u00e1n tratados de conformidad con lo dispuesto en el Reglamento (UE) 2016\/679, de 27 de abril de 2016\u00a0(GDPR), por lo que se le facilita la siguiente informaci\u00f3n del tratamiento:<\/p>\n<p><b>Fines del tratamiento: <\/b>seg\u00fan se especifica en el apartado de cookies que se utilizan en este sitio web.<\/p>\n<p><b>Legitimaci\u00f3n del tratamiento<\/b>: por consentimiento del interesado (art. 6.1 GDPR).<\/p>\n<p><b>Criterios de conservaci\u00f3n de los datos<\/b>: seg\u00fan se especifica en el apartado de cookies utilizadas en la web.<\/p>\n<p><b>Comunicaci\u00f3n de los datos<\/b>: no se comunicar\u00e1n los datos a terceros, excepto en cookies propiedad de terceros o por\u00a0obligaci\u00f3n legal.<\/p>\n<h4>Derechos que asisten al Interesado:<\/h4>\n<ul>\n<li>Derecho a retirar el consentimiento en cualquier momento.<\/li>\n<li>Derecho de acceso, rectificaci\u00f3n, portabilidad y supresi\u00f3n de sus datos y a la limitaci\u00f3n u oposici\u00f3n a su tratamiento.<\/li>\n<li>Derecho a presentar una reclamaci\u00f3n ante la Autoridad de control (www.aepd.es) si considera que el tratamiento no se\u00a0ajusta a la normativa vigente.<\/li>\n<\/ul>\n<h4>Datos de contacto para ejercer sus derechos:<\/h4>\n<p>CENTRE DE JARDINERIA SABADELL, S.L.\u00a0Carretera Matadepera Km. 4,5 08207 Sabadell \u2013 Barcelona.\u00a0E-mail de Contacto: <a href=\"mailto:info@tandemgarden.com\">info@tandemgarden.com<\/a><\/p>\n<table style=\"width: 100%;\">\n<tbody>\n<tr>\n<th colspan=\"6\">Panel de configuraci\u00f3n<\/th>\n<\/tr>\n<tr>\n<th colspan=\"6\">Cookies Anal\u00edticas<\/th>\n<\/tr>\n<tr class=\"uppercase\">\n<td>Nombre<\/td>\n<td>Tipo<\/td>\n<td>Propiedad<\/td>\n<td>Finalidad<\/td>\n<td>Plazo<\/td>\n<td>Observaciones<\/td>\n<\/tr>\n<tr>\n<td>_ga<\/td>\n<td>Anal\u00edtica<\/td>\n<td>Google Analytics<\/td>\n<td style=\"min-width: 300px;\">Habilita la funci\u00f3n de control de visitas \u00fanicas. La primera vez que un<br \/>\nusuario entre en el sitio web a trav\u00e9s de un navegador se instalar\u00e1<br \/>\nesta cookie. Cuando este usuario vuelva a entrar en la web con el<br \/>\nmismo navegador, la cookie considerar\u00e1 que es el mismo usuario.<br \/>\nSolo en el caso de que el usuario cambie de navegador, se<br \/>\nconsiderar\u00e1 otro usuario<\/td>\n<td>2 a\u00f1os<\/td>\n<td>Persistente<\/td>\n<\/tr>\n<tr>\n<td>_gat<\/td>\n<td>Anal\u00edtica<\/td>\n<td>Google Analytics<\/td>\n<td width=\"50%\">Se utiliza para limitar la velocidad de petici\u00f3n &#8211; la limitaci\u00f3n de la<br \/>\nrecogida de datos en los sitios de alto tr\u00e1fico<\/td>\n<td>10 minutos<\/td>\n<td>Sesi\u00f3n<\/td>\n<\/tr>\n<tr>\n<td>_gid<\/td>\n<td>Anal\u00edtica<\/td>\n<td>Google Analytics<\/td>\n<td width=\"50%\">Analytics Se utiliza para distinguir a los usuarios<\/td>\n<td>24 horas<\/td>\n<td>Sesi\u00f3n<\/td>\n<\/tr>\n<\/tbody>\n<\/table>\n<p>Obtener m\u00e1s informaci\u00f3n para <b>deshabilitar las <\/b>cookies de Google Analytics:<\/p>\n<p>Pol\u00edtica de privacidad de Google<\/p>\n<p>Exclusi\u00f3n de Google Analytics<\/p>\n<p>&nbsp;<\/p>\n<table>\n<tbody>\n<tr>\n<th colspan=\"2\">C\u00d3MO ELIMINAR LAS COOKIES DE LOS NAVEGADORES M\u00c1S COMUNES<\/th>\n<\/tr>\n<tr>\n<td>Chrome<\/td>\n<td><a href=\"http:\/\/support.google.com\/chrome\/answer\/95647?hl=es\" target=\"_blank\" rel=\"noopener noreferrer\">http:\/\/support.google.com\/chrome\/answer\/95647?hl=es<\/a><\/td>\n<\/tr>\n<tr>\n<td>Internet Explorer. Versi\u00f3n 11<\/td>\n<td><a href=\"https:\/\/support.microsoft.com\/es-es\/help\/278835\/how-to-delete-cookie-files-in-internet-explorer\" target=\"_blank\" rel=\"noopener noreferrer\">https:\/\/support.microsoft.com\/es-es\/help\/278835\/how-to-delete-cookie-files-in-internet-explorer<\/a><\/td>\n<\/tr>\n<tr>\n<td>Firefox. Versi\u00f3n 65.0.1<\/td>\n<td><a href=\"https:\/\/www.mozilla.org\/es-ES\/privacy\/websites\/#cookies\" target=\"_blank\" rel=\"noopener noreferrer\">https:\/\/www.mozilla.org\/es-ES\/privacy\/websites\/#cookies<\/a><\/td>\n<\/tr>\n<tr>\n<td>Safari Versi\u00f3n 5.1<\/td>\n<td><a href=\"https:\/\/support.apple.com\/es-es\/guide\/safari\/sfri11471\/mac\" target=\"_blank\" rel=\"noopener noreferrer\">https:\/\/support.apple.com\/es-es\/guide\/safari\/sfri11471\/mac<\/a><\/td>\n<\/tr>\n<tr>\n<td>Opera<\/td>\n<td><a href=\"https:\/\/help.opera.com\/en\/latest\/security-and-privacy\/#clearBrowsingData\" target=\"_blank\" rel=\"noopener noreferrer\">https:\/\/help.opera.com\/en\/latest\/security-and-privacy\/#clearBrowsingData<\/a><\/td>\n<\/tr>\n<\/tbody>\n<\/table>\n","protected":false},"excerpt":{"rendered":"<p>INFORMACI\u00d3N SOBRE COOKIES Las cookies y otras tecnolog\u00edas similares tales como local shared objects, flash cookies o p\u00edxeles, son herramientas\u00a0empleadas por los servidores Web para almacenar y recuperar informaci\u00f3n acerca de sus visitantes, as\u00ed como para ofrecer\u00a0un correcto funcionamiento del sitio. Mediante el uso de estos dispositivos se permite al servidor Web recordar algunos datos [&hellip;]<\/p>\n","protected":false},"author":1,"featured_media":0,"parent":0,"menu_order":22,"comment_status":"closed","ping_status":"closed","template":"page-templates\/legal.php","meta":[],"_links":{"self":[{"href":"https:\/\/tandemgarden.com\/es\/wp-json\/wp\/v2\/pages\/4686"}],"collection":[{"href":"https:\/\/tandemgarden.com\/es\/wp-json\/wp\/v2\/pages"}],"about":[{"href":"https:\/\/tandemgarden.com\/es\/wp-json\/wp\/v2\/types\/page"}],"author":[{"embeddable":true,"href":"https:\/\/tandemgarden.com\/es\/wp-json\/wp\/v2\/users\/1"}],"replies":[{"embeddable":true,"href":"https:\/\/tandemgarden.com\/es\/wp-json\/wp\/v2\/comments?post=4686"}],"version-history":[{"count":1,"href":"https:\/\/tandemgarden.com\/es\/wp-json\/wp\/v2\/pages\/4686\/revisions"}],"predecessor-version":[{"id":4687,"href":"https:\/\/tandemgarden.com\/es\/wp-json\/wp\/v2\/pages\/4686\/revisions\/4687"}],"wp:attachment":[{"href":"https:\/\/tandemgarden.com\/es\/wp-json\/wp\/v2\/media?parent=4686"}],"curies":[{"name":"wp","href":"https:\/\/api.w.org\/{rel}","templated":true}]}}