{"id":193,"date":"2020-08-10T03:47:34","date_gmt":"2020-08-10T03:47:34","guid":{"rendered":"https:\/\/tandemgarden.com\/politica-de-privacitat\/"},"modified":"2020-10-28T12:38:49","modified_gmt":"2020-10-28T12:38:49","slug":"avis-legal-i-politica-de-privacitat","status":"publish","type":"page","link":"https:\/\/tandemgarden.com\/es\/avis-legal-i-politica-de-privacitat\/","title":{"rendered":"Aviso legal y pol\u00edtica de privacidad"},"content":{"rendered":"\r\n<p>En cumplimiento con el deber de informaci\u00f3n recogido en art\u00edculo 10 de la Ley 34\/2002, de 11 de julio, de Servicios de la Sociedad de la Informaci\u00f3n y del Comercio Electr\u00f3nico, a continuaci\u00f3n se hace constar:<\/p>\r\n<p><b>1. DATOS IDENTIFICATIVOS<\/b><\/p>\r\n<p>Identificaci\u00f3n de la web: <a href=\"http:\/\/www.tandemgarden.com\">www.tandemgarden.com<\/a><\/p>\r\n<p>Responsable de la web: CENTRE DE JARDINERIA SABADELL, S.L.<\/p>\r\n<p>Direcci\u00f3n: Carretera Matadepera Km. 4,5 08207 Sabadell \u2013 Barcelona<\/p>\r\n<p>Email de Contacto: <a href=\"mailto:info@tandemgarden.com\">info@tandemgarden.com<\/a><\/p>\r\n<p>Datos Fiscales: B67256610<\/p>\r\n<p><b>2. CONSIDERACIONES PREVIAS<\/b><\/p>\r\n<p>Las presentes condiciones legales regulan el uso legal permitido de esta p\u00e1gina web, cuyo responsable legal es CENTRE DE JARDINERIA SABADELL, S.L. en adelante T\u00e0ndem Garden. Estas condiciones generales regulan el acceso y utilizaci\u00f3n de esta web que T\u00e0ndem Garden pone gratuitamente a disposici\u00f3n de los usuarios de Internet. El acceso a la misma implica su aceptaci\u00f3n sin reservas. El mero uso de la web, as\u00ed como solicitar informaci\u00f3n o emitir un pedido, supone la aceptaci\u00f3n plena de las presentes condiciones.<\/p>\r\n<p><b>3. USO DEL SITIO WEB<\/b><\/p>\r\n<p>El usuario se compromete a hacer un uso adecuado de los contenidos que T\u00e0ndem Garden ofrece a trav\u00e9s de su web y con car\u00e1cter enunciativo pero no limitativo, a no emplearlos para suprimir, eludir o manipular el \u201ccopyright\u201d y dem\u00e1s datos identificativos de los derechos de sus titulares incorporados a los contenidos, as\u00ed como los dispositivos t\u00e9cnicos de protecci\u00f3n, u otros mecanismos de informaci\u00f3n que pudieran albergar los contenidos.<span class=\"Apple-converted-space\">\u00a0<\/span><\/p>\r\n<p>(i) incurrir en actividades il\u00edcitas, ilegales o contrarias a la buena fe y al orden p\u00fablico; (ii) difundir contenidos o propaganda de car\u00e1cter racista, xen\u00f3fobo, pornogr\u00e1fico-ilegal, de apolog\u00eda del terrorismo o atentatorio contra los derechos humanos; (iii) provocar da\u00f1os en los sistemas f\u00edsicos y l\u00f3gicos de T\u00e0ndem Garden de sus proveedores o de terceras personas, introducir o difundir en la red virus inform\u00e1ticos o cualesquiera otros sistemas f\u00edsicos o l\u00f3gicos que sean susceptibles de provocar los da\u00f1os anteriormente mencionados; (iv) intentar acceder y, en su caso, utilizar las cuentas de correo electr\u00f3nico de otros usuarios y modificar o manipular sus mensajes.<\/p>\r\n<p>T\u00e0ndem Garden reserva el derecho de retirar todos aquellos comentarios y aportaciones que vulneren el respeto a la dignidad de la persona, que sean discriminatorios, xen\u00f3fobos, racistas, pornogr\u00e1ficos, que atenten contra la juventud o la infancia, el orden o la seguridad p\u00fablica o que, a su juicio, no resultaran adecuados para su publicaci\u00f3n. En cualquier caso,\u00a0T\u00e0ndem Garden<b> <\/b>no ser\u00e1 responsable de las opiniones vertidas por los usuarios a trav\u00e9s del blog u otras herramientas de participaci\u00f3n que puedan crearse, conforme a lo previsto en la normativa de aplicaci\u00f3n.<\/p>\r\n<p><b>4. PROPIEDAD INTELECTUAL E INDUSTRIAL<\/b><\/p>\r\n<p>Los textos, im\u00e1genes, logos, signos distintivos, sonidos, animaciones, v\u00eddeos, c\u00f3digo fuente y resto de contenidos incluidos en esta web son propiedad de T\u00e0ndem Garden, o T\u00e0ndem Garden dispone del derecho de uso y explotaci\u00f3n de los mismos, por ello tambi\u00e9n se tratar\u00e1n como obras protegidas por la legislaci\u00f3n de propiedad intelectual e industrial vigentes. Cualquier transmisi\u00f3n, distribuci\u00f3n, reproducci\u00f3n o almacenamiento, total o parcial de los contenidos almacenados en esta web, queda expresamente prohibido salvo previo y expreso consentimiento por escrito del titular: CENTRE DE JARDINERIA SABADELL, S.L. No obstante, los usuarios podr\u00e1n llevar a cabo la reproducci\u00f3n o almacenamiento de los contenidos de la web para su exclusivo uso personal, quedando expresa y terminantemente prohibida la reproducci\u00f3n de elementos o contenidos de esta web, realizados con \u00e1nimo de lucro o fines comerciales.<\/p>\r\n<p><b>5. LIMITACI\u00d3N DE RESPONSABILIDAD<\/b><\/p>\r\n<p>T\u00e0ndem Garden no se hace responsable, en ning\u00fan caso, de los da\u00f1os y perjuicios de cualquier naturaleza que pudieran ocasionar, a t\u00edtulo enunciativo: por errores u omisiones en los contenidos, por falta de disponibilidad del sitio web \u2013 el cual realizar\u00e1 paradas peri\u00f3dicas por mantenimientos t\u00e9cnicos \u2013 as\u00ed como por la transmisi\u00f3n de virus o programas maliciosos o lesivos en los contenidos, a pesar de haber adoptado todas las medidas tecnol\u00f3gicas necesarias para evitarlo.<\/p>\r\n<p><b>6. MODIFICACIONES<\/b><\/p>\r\n<p>T\u00e0ndem Garden se reserva el derecho de efectuar sin previo aviso las modificaciones que considere oportunas en su web, pudiendo cambiar, suprimir o a\u00f1adir tanto los contenidos y servicios que se presten a trav\u00e9s de la misma como la forma en la que \u00e9stos aparezcan presentados o localizados en su web.<\/p>\r\n<p><b>7. POL\u00cdTICA DE ENLACES<\/b><\/p>\r\n<p>En el caso de que en la web de T\u00e0ndem Garden se dispusiesen enlaces hacia otros sitios de Internet, T\u00e0ndem Garden no ejercer\u00e1 ning\u00fan tipo de control sobre dichos sitios o contenidos, por lo que, en ning\u00fan caso, asumir\u00e1 responsabilidad por dichos contenidos.\u00a0<\/p>\r\n<p>Asimismo, la inclusi\u00f3n de dichos enlaces o la referencia a terceras entidades no implicar\u00e1 ning\u00fan tipo de acuerdo de asociaci\u00f3n, oferta o relaci\u00f3n comercial que vincule a T\u00e0ndem Garden con las entidades conectadas.<\/p>\r\n<p><b>8. DERECHO DE EXCLUSI\u00d3N<\/b><\/p>\r\n<p>T\u00e0ndem Garden se reserva el derecho a denegar o retirar el acceso al portal y\/o los servicios ofrecidos sin necesidad de preaviso, a instancia propia o de un tercero, a aquellos usuarios que incumplan las presentes Condiciones Generales de Uso.<\/p>\r\n<p><b>9. MODIFICACI\u00d3N DE LAS PRESENTES CONDICIONES Y DURACI\u00d3N<\/b><\/p>\r\n<p>T\u00e0ndem Garden<b> <\/b>podr\u00e1 modificar en cualquier momento las condiciones aqu\u00ed determinadas, siendo debidamente publicadas como aqu\u00ed aparecen. La vigencia de las citadas condiciones ir\u00e1 en funci\u00f3n de su exposici\u00f3n y estar\u00e1n vigentes hasta que sean modificadas por otras debidamente publicadas.<\/p>\r\n<p><b>10. LEGISLACI\u00d3N APLICABLE<\/b><\/p>\r\n<p>La relaci\u00f3n entre\u00a0T\u00e0ndem Garden<b> <\/b>y el Usuario se regir\u00e1 por la normativa espa\u00f1ola vigente.<\/p>\r\n","protected":false},"excerpt":{"rendered":"<p>En cumplimiento con el deber de informaci\u00f3n recogido en art\u00edculo 10 de la Ley 34\/2002, de 11 de julio, de Servicios de la Sociedad de la Informaci\u00f3n y del Comercio Electr\u00f3nico, a continuaci\u00f3n se hace constar: 1. DATOS IDENTIFICATIVOS Identificaci\u00f3n de la web: www.tandemgarden.com Responsable de la web: CENTRE DE JARDINERIA SABADELL, S.L. Direcci\u00f3n: Carretera [&hellip;]<\/p>\n","protected":false},"author":1,"featured_media":0,"parent":0,"menu_order":19,"comment_status":"closed","ping_status":"closed","template":"page-templates\/legal.php","meta":[],"_links":{"self":[{"href":"https:\/\/tandemgarden.com\/es\/wp-json\/wp\/v2\/pages\/193"}],"collection":[{"href":"https:\/\/tandemgarden.com\/es\/wp-json\/wp\/v2\/pages"}],"about":[{"href":"https:\/\/tandemgarden.com\/es\/wp-json\/wp\/v2\/types\/page"}],"author":[{"embeddable":true,"href":"https:\/\/tandemgarden.com\/es\/wp-json\/wp\/v2\/users\/1"}],"replies":[{"embeddable":true,"href":"https:\/\/tandemgarden.com\/es\/wp-json\/wp\/v2\/comments?post=193"}],"version-history":[{"count":3,"href":"https:\/\/tandemgarden.com\/es\/wp-json\/wp\/v2\/pages\/193\/revisions"}],"predecessor-version":[{"id":308,"href":"https:\/\/tandemgarden.com\/es\/wp-json\/wp\/v2\/pages\/193\/revisions\/308"}],"wp:attachment":[{"href":"https:\/\/tandemgarden.com\/es\/wp-json\/wp\/v2\/media?parent=193"}],"curies":[{"name":"wp","href":"https:\/\/api.w.org\/{rel}","templated":true}]}}