{"id":189,"date":"2020-09-03T07:00:59","date_gmt":"2020-09-03T07:00:59","guid":{"rendered":"https:\/\/tandemgarden.com\/condicions-denviament\/"},"modified":"2023-01-18T22:36:19","modified_gmt":"2023-01-18T21:36:19","slug":"condicions-denviament","status":"publish","type":"page","link":"https:\/\/tandemgarden.com\/es\/condicions-denviament\/","title":{"rendered":"Condiciones de env\u00edo y devoluciones"},"content":{"rendered":"<p><b>CONDICIONES DE ENV\u00cdO\u00a0<\/b><\/p>\n<ol>\n<li><b>Env\u00edos<\/b><\/li>\n<\/ol>\n<p>T\u00e0ndem Garden realizar\u00e1 el env\u00edo de todos los productos que ofrecemos en la botiga online, de forma personal para garantizar el buen estado de las plantas en el momento de la entrega.<\/p>\n<p>Los <b>env\u00edos a domicilio<\/b> est\u00e1n limitados a la zona del Valles Occidental.<\/p>\n<p>Tambi\u00e9n ofrecemos el <b>servicio de recogida en tienda<\/b>, sin ning\u00fan coste adicional ni limitaci\u00f3n geogr\u00e1fica, disponible a partir del momento en el que te confirmemos que est\u00e1 preparado. La recogida de plantas y material vivo en tienda, en horario comercial, tiene un l\u00edmite de una semana para garantizar el buen estado de las mismas.<\/p>\n<ol start=\"2\">\n<li><b>Plazos de entrega<\/b><\/li>\n<\/ol>\n<p><b>Env\u00edos a domicilio<\/b>: las entregas se realizar\u00e1n semanalmente, durante la ma\u00f1ana (de 9:00 a 14:00) y por la tarde (de 16:00 a 20:00), a convenir en el momento de la confirmaci\u00f3n de tu pedido. Nos pondremos en contacto para buscar el horario que se adapte mejor a ti.<\/p>\n<p><b>Recogida en tienda<\/b>: si escoges la opci\u00f3n de ir a buscar tu pedido al Centre de Jardineria Sabadell, puedes hacerlo a partir del momento en que recibas el correo electr\u00f3nico confirmando que tu pedido est\u00e1 preparado en el siguiente horario comercial:<\/p>\n<p>2021<\/p>\n<table cellspacing=\"0\" cellpadding=\"0\">\n<tbody>\n<tr>\n<td valign=\"top\"><b>Horario de verano<\/b>: desde el 26 de marzo hasta el 28 de octubre.<\/td>\n<td valign=\"top\"><b>Horario de invierno<\/b>: desde el 29 de octubre hasta el 31 de diciembre.<\/td>\n<\/tr>\n<tr>\n<td valign=\"top\">De lunes a viernes: de 09:00 a 13:30 y de 16:30 a 20:00<\/td>\n<td valign=\"top\">De lunes a viernes: de 09:00 a 13:30 y de 15:30 a 19:00<\/td>\n<\/tr>\n<tr>\n<td valign=\"top\">S\u00e1bados: de 10:00 a 14:00 y de 16:30 a 20:00<\/td>\n<td valign=\"top\">S\u00e1bados: de 10:00 a 14:00<\/td>\n<\/tr>\n<tr>\n<td valign=\"top\">Domingos y festivos: de 10:00 a 14:00<\/td>\n<td valign=\"top\">Domingos y festivos de 10:00 a 14:00<\/td>\n<\/tr>\n<tr>\n<td valign=\"top\">Domingos de agosto cerrado<\/td>\n<td valign=\"top\"><\/td>\n<\/tr>\n<tr>\n<td valign=\"top\"><\/td>\n<td valign=\"top\"><\/td>\n<\/tr>\n<tr>\n<td colspan=\"2\" valign=\"top\">D\u00edas cerrados: 1 y 6 de enero, 24 de junio, 15 de agosto y 25 y 26 de diciembre.<\/td>\n<\/tr>\n<\/tbody>\n<\/table>\n<ol start=\"3\">\n<li><b> Gastos de env\u00edo<\/b><\/li>\n<\/ol>\n<p>Env\u00edos gratuitos a partir de 45\u20ac de compra.<span class=\"Apple-converted-space\">\u00a0<\/span><\/p>\n<table cellspacing=\"0\" cellpadding=\"0\">\n<tbody>\n<tr>\n<td valign=\"top\"><b>Importe<\/b><\/td>\n<td valign=\"top\"><b>Zona<\/b><\/td>\n<\/tr>\n<tr>\n<td valign=\"top\">5\u20ac<\/td>\n<td valign=\"top\">Valles Occidental<\/td>\n<\/tr>\n<tr>\n<td valign=\"top\">7\u20ac<\/td>\n<td valign=\"top\">Parte del Valles Oriental y del Baix Llobregat<span class=\"Apple-converted-space\">\u00a0<\/span><\/td>\n<\/tr>\n<tr>\n<td valign=\"top\">9\u20ac<\/td>\n<td valign=\"top\">Parte del Valles Oriental, del Baix Llobregat, Maresme y el Barcelones<span class=\"Apple-converted-space\">\u00a0<\/span><\/td>\n<\/tr>\n<\/tbody>\n<\/table>\n<ol start=\"4\">\n<li><b>Forma de pago<\/b><\/li>\n<\/ol>\n<p>Podr\u00e1s realizar el pago mediante tarjeta de cr\u00e9dito y d\u00e9bito VISA y MASTERCARD o mediante BIZUM.<\/p>\n<p><b>DEVOLUCIONES<\/b><\/p>\n<ol>\n<li>Condiciones de devoluci\u00f3n<\/li>\n<\/ol>\n<p>Las condiciones de devoluci\u00f3n s\u00f3lo ser\u00e1n aplicables a las compras realizadas a trav\u00e9s de la tienda online de T\u00e0ndem Garden, en ning\u00fan caso ser\u00e1n aplicables al Centre de Jardineria Sabadell.<\/p>\n<p>No se admiten devoluciones de planta y material vivo, todos los productos ser\u00e1n previamente revisados, embalados y entregados personalmente para garantizar la calidad del producto. No obstante, si consideras que la planta no se encuentra en buen estado, estudiaremos tu caso individualmente dentro de las primeras 24h des de la entrega. Se tiene que tener en cuenta que trabajamos con planta viva y cada una es \u00fanica.<span class=\"Apple-converted-space\">\u00a0<\/span><\/p>\n<p>Se admiten devoluciones de productos de decoraci\u00f3n y material inerte:<\/p>\n<ul>\n<li>Por defecto o da\u00f1os, en un plazo de 14 d\u00edas naturales a partir de su recepci\u00f3n. T\u00e0ndem Garden se har\u00e1 cargo de los gastos de devoluci\u00f3n.<\/li>\n<li>Por desistimiento, en un plazo de 14 d\u00edas naturales a partir de su recepci\u00f3n, si el producto no ha sido manipulado ni da\u00f1ado. El cliente se har\u00e1 cargo de los gastos de devoluci\u00f3n.<\/li>\n<\/ul>\n<ol start=\"2\">\n<li>Procedimiento de devoluci\u00f3n<\/li>\n<\/ol>\n<ol>\n<li>Cont\u00e1ctanos mediante el <b>correo electr\u00f3nico: info@tandemgarden.com.<\/b><\/li>\n<li>Prepara el paquete:<\/li>\n<\/ol>\n<ul>\n<li style=\"list-style-type: none;\">\n<ul>\n<li style=\"list-style-type: none;\">\n<ul>\n<li style=\"list-style-type: none;\">\n<ul>\n<li>En caso de devoluci\u00f3n por <b>defecto o da\u00f1os<\/b>: lo recogeremos el d\u00eda que te indicaremos.<\/li>\n<li>En caso de devoluci\u00f3n por <b>desistimiento<\/b>: entrega el paquete al Centre de Jardineria Sabadell (Carretera de Matadepera Km. 4,5, 08207 de Sabadell) personalmente o mediante mensajero\/empresa de transportes.<\/li>\n<\/ul>\n<\/li>\n<\/ul>\n<\/li>\n<\/ul>\n<\/li>\n<\/ul>\n<ol start=\"3\">\n<li>Cuando recibamos el paquete procederemos a cambiar el art\u00edculo o a reembolsar seg\u00fan el caso.<span class=\"Apple-converted-space\">\u00a0<\/span><\/li>\n<li>Reembolso: se <b>reembolsar\u00e1 el importe<\/b> del producto siempre que no haya sido manipulado ni da\u00f1ado, mediante el mismo m\u00e9todo en el que se ha realizado la compra.<\/li>\n<\/ol>\n","protected":false},"excerpt":{"rendered":"<p>CONDICIONES DE ENV\u00cdO\u00a0 Env\u00edos T\u00e0ndem Garden realizar\u00e1 el env\u00edo de todos los productos que ofrecemos en la botiga online, de forma personal para garantizar el buen estado de las plantas en el momento de la entrega. Los env\u00edos a domicilio est\u00e1n limitados a la zona del Valles Occidental. Tambi\u00e9n ofrecemos el servicio de recogida en [&hellip;]<\/p>\n","protected":false},"author":1,"featured_media":0,"parent":0,"menu_order":16,"comment_status":"closed","ping_status":"closed","template":"page-templates\/legal.php","meta":[],"_links":{"self":[{"href":"https:\/\/tandemgarden.com\/es\/wp-json\/wp\/v2\/pages\/189"}],"collection":[{"href":"https:\/\/tandemgarden.com\/es\/wp-json\/wp\/v2\/pages"}],"about":[{"href":"https:\/\/tandemgarden.com\/es\/wp-json\/wp\/v2\/types\/page"}],"author":[{"embeddable":true,"href":"https:\/\/tandemgarden.com\/es\/wp-json\/wp\/v2\/users\/1"}],"replies":[{"embeddable":true,"href":"https:\/\/tandemgarden.com\/es\/wp-json\/wp\/v2\/comments?post=189"}],"version-history":[{"count":12,"href":"https:\/\/tandemgarden.com\/es\/wp-json\/wp\/v2\/pages\/189\/revisions"}],"predecessor-version":[{"id":9374,"href":"https:\/\/tandemgarden.com\/es\/wp-json\/wp\/v2\/pages\/189\/revisions\/9374"}],"wp:attachment":[{"href":"https:\/\/tandemgarden.com\/es\/wp-json\/wp\/v2\/media?parent=189"}],"curies":[{"name":"wp","href":"https:\/\/api.w.org\/{rel}","templated":true}]}}